{"id":1171,"date":"2014-02-05T13:47:47","date_gmt":"2014-02-05T13:47:47","guid":{"rendered":"http:\/\/www.edelweissbz.com\/878-2"},"modified":"2016-12-19T11:18:16","modified_gmt":"2016-12-19T11:18:16","slug":"878-2","status":"publish","type":"page","link":"https:\/\/www.edelweissbz.com\/de\/878-2","title":{"rendered":"Multimedia"},"content":{"rendered":"<div  class=\"fusion-fullwidth fullwidth-box nonhundred-percent-fullwidth\"  style='background-color: #ffffff;background-position: center center;background-repeat: no-repeat;padding-top:0px;padding-right:0px;padding-bottom:0px;padding-left:0px;'><div class=\"fusion-builder-row fusion-row \"><div  class=\"fusion-layout-column fusion_builder_column fusion_builder_column_1_1  fusion-one-full fusion-column-first fusion-column-last 1_1\"  style='margin-top:0px;margin-bottom:0px;'>\n\t\t\t<div class=\"fusion-column-wrapper\" style=\"background-position:left top;background-repeat:no-repeat;-webkit-background-size:cover;-moz-background-size:cover;-o-background-size:cover;background-size:cover;\"  data-bg-url=\"\">\n\t\t\t\t<div class=\"fusion-blog-shortcode fusion-blog-shortcode-1 fusion-blog-archive fusion-blog-layout-grid-wrapper fusion-blog-pagination\"><style type=\"text\/css\">.fusion-blog-shortcode-1 .fusion-blog-layout-grid .fusion-post-grid{padding:20px;}.fusion-blog-shortcode-1 .fusion-posts-container{margin-left: -20px !important; margin-right:-20px !important;}<\/style><div class=\"fusion-posts-container fusion-posts-container-pagination fusion-blog-layout-grid fusion-blog-layout-grid-3 isotope\" data-pages=\"2\" data-grid-col-space=\"40\" style=\"margin: -20px -20px 0;height:500px;\"><article id=\"post-1074\" class=\"fusion-post-grid post-1074 post type-post status-publish format-standard hentry category-idraulica-de category-unkategorisiert\">\n<div class=\"fusion-post-wrapper\">\n\n\n<div class=\"fusion-post-content-wrapper\"><div class=\"fusion-post-content post-content\"><h2 class=\"blog-shortcode-post-title entry-title\"><a href=\"https:\/\/www.edelweissbz.com\/de\/vari\">Vari<\/a><\/h2><div class=\"fusion-post-content-container\"><p> Edelweiss Carpenteria Metallica: costruzione di silenziatori Edelweiss Carpenteria Metallica: alluminio bianco Edelweiss Carpenteria Metallica: ovale Edelweiss Carpenteria Metallica: collettori Collettori    <\/p><\/div><\/div><\/div><div class=\"fusion-clearfix\"><\/div><\/div>\n<\/article>\n<article id=\"post-1079\" class=\"fusion-post-grid post-1079 post type-post status-publish format-standard hentry category-idraulica-de category-unkategorisiert\">\n<div class=\"fusion-post-wrapper\">\n\n\n<div class=\"fusion-post-content-wrapper\"><div class=\"fusion-post-content post-content\"><h2 class=\"blog-shortcode-post-title entry-title\"><a href=\"https:\/\/www.edelweissbz.com\/de\/tubi\">Tubi<\/a><\/h2><div class=\"fusion-post-content-container\"><p>Edelweiss Carpenteria Metallica: tubo pellet Edelweiss Carpenteria Metallica: tubo stufe caminetti    <\/p><\/div><\/div><\/div><div class=\"fusion-clearfix\"><\/div><\/div>\n<\/article>\n<article id=\"post-1084\" class=\"fusion-post-grid post-1084 post type-post status-publish format-standard hentry category-idraulica-de category-uncategorized-de category-unkategorisiert\">\n<div class=\"fusion-post-wrapper\">\n\n\n<div class=\"fusion-post-content-wrapper\"><div class=\"fusion-post-content post-content\"><h2 class=\"blog-shortcode-post-title entry-title\"><a href=\"https:\/\/www.edelweissbz.com\/de\/pareti\"><!--:it-->Pareti<!--:--><!--:de-->Pareti<!--:--><!--:en-->Pareti<!--:--><\/a><\/h2><div class=\"fusion-post-content-container\"><p> Edelweiss Carpenteria Metallica: Parete singola pps Edelweiss Carpenteria Metallica: sistema monoparete inox Edelweiss Carpenteria Metallica: doppia parete pps rame Edelweiss Carpenteria Metallica: doppia parete pps inox Edelweiss Carpenteria Metallica: Condotto fumario flessibile a doppia [...]<\/p><\/div><\/div><\/div><div class=\"fusion-clearfix\"><\/div><\/div>\n<\/article>\n<article id=\"post-1089\" class=\"fusion-post-grid post-1089 post type-post status-publish format-standard hentry category-cataloghi-de category-unkategorisiert\">\n<div class=\"fusion-post-wrapper\">\n\n\n<div class=\"fusion-post-content-wrapper\"><div class=\"fusion-post-content post-content\"><h2 class=\"blog-shortcode-post-title entry-title\"><a href=\"https:\/\/www.edelweissbz.com\/de\/edilizia\">Edilizia<\/a><\/h2><div class=\"fusion-post-content-container\"><p>    <\/p><\/div><\/div><\/div><div class=\"fusion-clearfix\"><\/div><\/div>\n<\/article>\n<article id=\"post-1095\" class=\"fusion-post-grid post-1095 post type-post status-publish format-standard hentry category-unkategorisiert\">\n<div class=\"fusion-post-wrapper\">\n\n\n<div class=\"fusion-post-content-wrapper\"><div class=\"fusion-post-content post-content\"><h2 class=\"blog-shortcode-post-title entry-title\"><a href=\"https:\/\/www.edelweissbz.com\/de\/secur-slip\">Secuer Slip<\/a><\/h2><div class=\"fusion-post-content-container\"><p>Eedelweiss Metall Zimmerei: ANTI-RUTSCH BEHANDLUNG F\u00dcR B\u00d6DEN UND TREPPEN    <\/p><\/div><\/div><\/div><div class=\"fusion-clearfix\"><\/div><\/div>\n<\/article>\n<article id=\"post-1105\" class=\"fusion-post-grid post-1105 post type-post status-publish format-standard hentry category-unkategorisiert\">\n<div class=\"fusion-post-wrapper\">\n\n\n<div class=\"fusion-post-content-wrapper\"><div class=\"fusion-post-content post-content\"><h2 class=\"blog-shortcode-post-title entry-title\"><a href=\"https:\/\/www.edelweissbz.com\/de\/architettura-interni\">Interior Architecture<\/a><\/h2><div class=\"fusion-post-content-container\"><p>Edelweiss Metall Zimmerei: Stra\u00dfenlaterne in Edelstahl Edelweiss Metall Zimmerei: Skalenkonstruktion f\u00fcr Innen Edelweiss Metall Zimmerei: Bau-Marmortisch f\u00fcr den Innenausbau<\/p><\/div><\/div><\/div><div class=\"fusion-clearfix\"><\/div><\/div>\n<\/article>\n<div class=\"fusion-clearfix\"><\/div><\/div><\/div><div class=\"fusion-clearfix\"><\/div>\n\n\t\t\t<\/div>\n\t\t<\/div><\/div><\/div>\n","protected":false},"excerpt":{"rendered":"","protected":false},"author":3,"featured_media":0,"parent":0,"menu_order":0,"comment_status":"closed","ping_status":"closed","template":"","meta":{"footnotes":""},"_links":{"self":[{"href":"https:\/\/www.edelweissbz.com\/de\/wp-json\/wp\/v2\/pages\/1171"}],"collection":[{"href":"https:\/\/www.edelweissbz.com\/de\/wp-json\/wp\/v2\/pages"}],"about":[{"href":"https:\/\/www.edelweissbz.com\/de\/wp-json\/wp\/v2\/types\/page"}],"author":[{"embeddable":true,"href":"https:\/\/www.edelweissbz.com\/de\/wp-json\/wp\/v2\/users\/3"}],"replies":[{"embeddable":true,"href":"https:\/\/www.edelweissbz.com\/de\/wp-json\/wp\/v2\/comments?post=1171"}],"version-history":[{"count":1,"href":"https:\/\/www.edelweissbz.com\/de\/wp-json\/wp\/v2\/pages\/1171\/revisions"}],"predecessor-version":[{"id":1173,"href":"https:\/\/www.edelweissbz.com\/de\/wp-json\/wp\/v2\/pages\/1171\/revisions\/1173"}],"wp:attachment":[{"href":"https:\/\/www.edelweissbz.com\/de\/wp-json\/wp\/v2\/media?parent=1171"}],"curies":[{"name":"wp","href":"https:\/\/api.w.org\/{rel}","templated":true}]}}